{"id":75,"date":"2019-03-27T06:01:35","date_gmt":"2019-03-27T06:01:35","guid":{"rendered":"http:\/\/www.harcoslabor.hu\/?page_id=75"},"modified":"2019-03-27T06:01:35","modified_gmt":"2019-03-27T06:01:35","slug":"oktatas","status":"publish","type":"page","link":"https:\/\/www.harcoslabor.hu\/index.php\/oktatas\/","title":{"rendered":"Oktat\u00e1s"},"content":{"rendered":"\n<p>Egyes egyszer\u0171, a modern technol\u00f3gi\u00e1nak k\u00f6sz\u00f6nhet\u0151en m\u00e1r k\u00f6nnyen el\u00e9rhet\u0151 m\u00f3dszerekkel pedig az edz\u0151k maguk is egy\u00e9nre szabhatj\u00e1k az edz\u00e9sterhel\u00e9s mennyis\u00e9g\u00e9t. Sz\u00edvesen seg\u00edt\u00fcnk a m\u00f3dszer elsaj\u00e1t\u00edt\u00e1s\u00e1ban edz\u0151k r\u00e9sz\u00e9re szervezett oktat\u00e1sainkkal. <\/p>\n\n\n\n<p><em>Referencia: Magyar Budo Magazin 2019\/tavasz-i sz\u00e1ma, 41. oldal: Dr. Pint\u00e9r Barbara: Formaid\u0151z\u00edt\u00e9s a sport\u00e9lettan seg\u00edts\u00e9g\u00e9vel<\/em><\/p>\n","protected":false},"excerpt":{"rendered":"<p>Egyes egyszer\u0171, a modern technol\u00f3gi\u00e1nak k\u00f6sz\u00f6nhet\u0151en m\u00e1r k\u00f6nnyen el\u00e9rhet\u0151 m\u00f3dszerekkel pedig az edz\u0151k maguk is egy\u00e9nre szabhatj\u00e1k az edz\u00e9sterhel\u00e9s mennyis\u00e9g\u00e9t. Sz\u00edvesen seg\u00edt\u00fcnk a m\u00f3dszer elsaj\u00e1t\u00edt\u00e1s\u00e1ban edz\u0151k r\u00e9sz\u00e9re szervezett oktat\u00e1sainkkal. Referencia: Magyar Budo Magazin 2019\/tavasz-i sz\u00e1ma, 41. oldal: Dr. Pint\u00e9r Barbara: Formaid\u0151z\u00edt\u00e9s a sport\u00e9lettan seg\u00edts\u00e9g\u00e9vel<\/p>\n","protected":false},"author":1,"featured_media":0,"parent":0,"menu_order":0,"comment_status":"closed","ping_status":"closed","template":"","meta":{"footnotes":""},"class_list":["post-75","page","type-page","status-publish","hentry"],"_links":{"self":[{"href":"https:\/\/www.harcoslabor.hu\/index.php\/wp-json\/wp\/v2\/pages\/75","targetHints":{"allow":["GET"]}}],"collection":[{"href":"https:\/\/www.harcoslabor.hu\/index.php\/wp-json\/wp\/v2\/pages"}],"about":[{"href":"https:\/\/www.harcoslabor.hu\/index.php\/wp-json\/wp\/v2\/types\/page"}],"author":[{"embeddable":true,"href":"https:\/\/www.harcoslabor.hu\/index.php\/wp-json\/wp\/v2\/users\/1"}],"replies":[{"embeddable":true,"href":"https:\/\/www.harcoslabor.hu\/index.php\/wp-json\/wp\/v2\/comments?post=75"}],"version-history":[{"count":1,"href":"https:\/\/www.harcoslabor.hu\/index.php\/wp-json\/wp\/v2\/pages\/75\/revisions"}],"predecessor-version":[{"id":77,"href":"https:\/\/www.harcoslabor.hu\/index.php\/wp-json\/wp\/v2\/pages\/75\/revisions\/77"}],"wp:attachment":[{"href":"https:\/\/www.harcoslabor.hu\/index.php\/wp-json\/wp\/v2\/media?parent=75"}],"curies":[{"name":"wp","href":"https:\/\/api.w.org\/{rel}","templated":true}]}}