{"id":43,"date":"2019-03-26T15:38:36","date_gmt":"2019-03-26T15:38:36","guid":{"rendered":"http:\/\/www.harcoslabor.hu\/?page_id=43"},"modified":"2026-05-14T09:28:08","modified_gmt":"2026-05-14T09:28:08","slug":"referenciak","status":"publish","type":"page","link":"https:\/\/www.harcoslabor.hu\/index.php\/referenciak\/","title":{"rendered":"Referenci\u00e1k"},"content":{"rendered":"\n<p><strong>Sportol\u00f3k, edz\u0151k,\nsz\u00fcl\u0151k nyilatkozatai<\/strong><\/p>\n\n\n\n<p><a href=\"http:\/\/www.xlfight.hu\/egy-csak-egy-legeny-maradt-talpon-a-videken%C2%85interju-voros-rolanddal-az-elso-magyar-k-1-max-gyoztesevel\/\" target=\"_blank\" rel=\"noreferrer noopener\" aria-label=\"V\u00f6r\u00f6s Roland nyilatkozata az 1. K-1 Max Magyar Bajnoks\u00e1g ut\u00e1n \u2013 2009. m\u00e1rcius (\u00faj f\u00fcl\u00f6n nyitja meg)\">V\u00f6r\u00f6s Roland nyilatkozata az 1. K-1 Max Magyar Bajnoks\u00e1g ut\u00e1n \u2013 2009. m\u00e1rcius<\/a><\/p>\n\n\n\n<p>Szab\u00f3 J\u00e1nos: Sporttudom\u00e1nnyal a modern karat\u00e9\u00e9rt. Magyar Budo Magazin, 2020\/t\u00e9li sz\u00e1m, 32-33. oldal.<\/p>\n","protected":false},"excerpt":{"rendered":"<p>Sportol\u00f3k, edz\u0151k, sz\u00fcl\u0151k nyilatkozatai V\u00f6r\u00f6s Roland nyilatkozata az 1. K-1 Max Magyar Bajnoks\u00e1g ut\u00e1n \u2013 2009. m\u00e1rcius Szab\u00f3 J\u00e1nos: Sporttudom\u00e1nnyal a modern karat\u00e9\u00e9rt. Magyar Budo Magazin, 2020\/t\u00e9li sz\u00e1m, 32-33. oldal.<\/p>\n","protected":false},"author":1,"featured_media":0,"parent":0,"menu_order":0,"comment_status":"closed","ping_status":"closed","template":"","meta":{"footnotes":""},"class_list":["post-43","page","type-page","status-publish","hentry"],"_links":{"self":[{"href":"https:\/\/www.harcoslabor.hu\/index.php\/wp-json\/wp\/v2\/pages\/43","targetHints":{"allow":["GET"]}}],"collection":[{"href":"https:\/\/www.harcoslabor.hu\/index.php\/wp-json\/wp\/v2\/pages"}],"about":[{"href":"https:\/\/www.harcoslabor.hu\/index.php\/wp-json\/wp\/v2\/types\/page"}],"author":[{"embeddable":true,"href":"https:\/\/www.harcoslabor.hu\/index.php\/wp-json\/wp\/v2\/users\/1"}],"replies":[{"embeddable":true,"href":"https:\/\/www.harcoslabor.hu\/index.php\/wp-json\/wp\/v2\/comments?post=43"}],"version-history":[{"count":6,"href":"https:\/\/www.harcoslabor.hu\/index.php\/wp-json\/wp\/v2\/pages\/43\/revisions"}],"predecessor-version":[{"id":134,"href":"https:\/\/www.harcoslabor.hu\/index.php\/wp-json\/wp\/v2\/pages\/43\/revisions\/134"}],"wp:attachment":[{"href":"https:\/\/www.harcoslabor.hu\/index.php\/wp-json\/wp\/v2\/media?parent=43"}],"curies":[{"name":"wp","href":"https:\/\/api.w.org\/{rel}","templated":true}]}}