{"id":26,"date":"2019-03-26T15:00:17","date_gmt":"2019-03-26T15:00:17","guid":{"rendered":"http:\/\/www.harcoslabor.hu\/?page_id=26"},"modified":"2019-03-27T06:06:55","modified_gmt":"2019-03-27T06:06:55","slug":"szolgaltatasok","status":"publish","type":"page","link":"https:\/\/www.harcoslabor.hu\/index.php\/szolgaltatasok\/","title":{"rendered":"Szolg\u00e1ltat\u00e1sok"},"content":{"rendered":"\n<p>\n\n\n\n\n\n\n\n\n\n\n\n\n\n\n\nA szolg\u00e1ltat\u00e1saink\nk\u00f6z\u00fcl a nyugalmi \u00e9lettani vizsg\u00e1latok legt\u00f6bbje, a konzult\u00e1ci\u00f3 \u00e9s az oktat\u00e1s m\u00e1r\nel\u00e9rhet\u0151ek, a terhel\u00e9ses vizsg\u00e1latokat k\u00e9s\u0151bb fogjuk be\u00e9p\u00edteni a szolg\u00e1ltat\u00e1si\nk\u00f6r\u00fcnkbe.\n\n\n\n<\/p>\n","protected":false},"excerpt":{"rendered":"<p>A szolg\u00e1ltat\u00e1saink k\u00f6z\u00fcl a nyugalmi \u00e9lettani vizsg\u00e1latok legt\u00f6bbje, a konzult\u00e1ci\u00f3 \u00e9s az oktat\u00e1s m\u00e1r el\u00e9rhet\u0151ek, a terhel\u00e9ses vizsg\u00e1latokat k\u00e9s\u0151bb fogjuk be\u00e9p\u00edteni a szolg\u00e1ltat\u00e1si k\u00f6r\u00fcnkbe.<\/p>\n","protected":false},"author":1,"featured_media":0,"parent":0,"menu_order":0,"comment_status":"closed","ping_status":"closed","template":"","meta":{"footnotes":""},"class_list":["post-26","page","type-page","status-publish","hentry"],"_links":{"self":[{"href":"https:\/\/www.harcoslabor.hu\/index.php\/wp-json\/wp\/v2\/pages\/26","targetHints":{"allow":["GET"]}}],"collection":[{"href":"https:\/\/www.harcoslabor.hu\/index.php\/wp-json\/wp\/v2\/pages"}],"about":[{"href":"https:\/\/www.harcoslabor.hu\/index.php\/wp-json\/wp\/v2\/types\/page"}],"author":[{"embeddable":true,"href":"https:\/\/www.harcoslabor.hu\/index.php\/wp-json\/wp\/v2\/users\/1"}],"replies":[{"embeddable":true,"href":"https:\/\/www.harcoslabor.hu\/index.php\/wp-json\/wp\/v2\/comments?post=26"}],"version-history":[{"count":2,"href":"https:\/\/www.harcoslabor.hu\/index.php\/wp-json\/wp\/v2\/pages\/26\/revisions"}],"predecessor-version":[{"id":82,"href":"https:\/\/www.harcoslabor.hu\/index.php\/wp-json\/wp\/v2\/pages\/26\/revisions\/82"}],"wp:attachment":[{"href":"https:\/\/www.harcoslabor.hu\/index.php\/wp-json\/wp\/v2\/media?parent=26"}],"curies":[{"name":"wp","href":"https:\/\/api.w.org\/{rel}","templated":true}]}}